{"id":2639,"date":"2025-03-17T11:35:16","date_gmt":"2025-03-17T10:35:16","guid":{"rendered":"http:\/\/gaetanvangoidsenhoven.be\/?page_id=2639"},"modified":"2025-03-26T09:26:19","modified_gmt":"2025-03-26T08:26:19","slug":"parlement-bruxellois","status":"publish","type":"page","link":"https:\/\/gaetanvangoidsenhoven.be\/index.php\/parlement-bruxellois\/","title":{"rendered":"Parlement bruxellois"},"content":{"rendered":"\t\t<div data-elementor-type=\"wp-page\" data-elementor-id=\"2639\" class=\"elementor elementor-2639\">\n\t\t\t\t\t\t\t\t\t<section class=\"elementor-section elementor-top-section elementor-element elementor-element-57bd5d7 elementor-section-boxed elementor-section-height-default elementor-section-height-default wpr-particle-no wpr-jarallax-no wpr-parallax-no wpr-sticky-section-no\" data-id=\"57bd5d7\" data-element_type=\"section\">\n\t\t\t\t\t\t<div class=\"elementor-container elementor-column-gap-default\">\n\t\t\t\t\t<div class=\"elementor-column elementor-col-100 elementor-top-column elementor-element elementor-element-e76e677\" data-id=\"e76e677\" data-element_type=\"column\">\n\t\t\t<div class=\"elementor-widget-wrap elementor-element-populated\">\n\t\t\t\t\t\t\t\t<div class=\"elementor-element elementor-element-5da70cd elementor-widget elementor-widget-spacer\" data-id=\"5da70cd\" data-element_type=\"widget\" data-widget_type=\"spacer.default\">\n\t\t\t\t<div class=\"elementor-widget-container\">\n\t\t\t\t\t<div class=\"elementor-spacer\">\n\t\t\t<div class=\"elementor-spacer-inner\"><\/div>\n\t\t<\/div>\n\t\t\t\t<\/div>\n\t\t\t\t<\/div>\n\t\t\t\t<div class=\"elementor-element elementor-element-26ae0f9 elementor-widget elementor-widget-heading\" data-id=\"26ae0f9\" data-element_type=\"widget\" data-widget_type=\"heading.default\">\n\t\t\t\t<div class=\"elementor-widget-container\">\n\t\t\t<h2 class=\"elementor-heading-title elementor-size-default\">Mon travail au parlement bruxellois<\/h2>\t\t<\/div>\n\t\t\t\t<\/div>\n\t\t\t\t<div class=\"elementor-element elementor-element-8524692 elementor-widget elementor-widget-spacer\" data-id=\"8524692\" data-element_type=\"widget\" data-widget_type=\"spacer.default\">\n\t\t\t\t<div class=\"elementor-widget-container\">\n\t\t\t\t\t<div class=\"elementor-spacer\">\n\t\t\t<div class=\"elementor-spacer-inner\"><\/div>\n\t\t<\/div>\n\t\t\t\t<\/div>\n\t\t\t\t<\/div>\n\t\t\t\t<div class=\"elementor-element elementor-element-4bd41c5 elementor-widget elementor-widget-text-editor\" data-id=\"4bd41c5\" data-element_type=\"widget\" data-widget_type=\"text-editor.default\">\n\t\t\t\t<div class=\"elementor-widget-container\">\n\t\t\t\t\t\t\t<p data-start=\"0\" data-end=\"623\">En tant que <strong>d\u00e9put\u00e9 au Parlement de la R\u00e9gion de Bruxelles-Capitale<\/strong>, mon engagement est pleinement ax\u00e9 sur le d\u00e9veloppement et l\u2019am\u00e9lioration de notre r\u00e9gion. <strong>Depuis le 5 septembre 2024<\/strong>, je si\u00e8ge en tant que membre titulaire \u00e0 la Commission de la Culture, de l&rsquo;\u00c9ducation permanente, des Relations internationales, des Affaires g\u00e9n\u00e9rales, du R\u00e8glement et du Contr\u00f4le des communications des membres du Gouvernement. Ce r\u00f4le me permet de participer activement \u00e0 la formulation, \u00e0 l&rsquo;analyse et \u00e0 l\u2019\u00e9valuation de diverses propositions l\u00e9gislatives, avec un accent particulier sur des enjeux essentiels pour la R\u00e9gion bruxelloise.<\/p><p data-start=\"625\" data-end=\"1277\"><strong>Depuis le 10 septembre 2024<\/strong>, j\u2019ai l\u2019honneur d\u2019exercer la fonction de vice-pr\u00e9sident de cette m\u00eame commission, ce qui me conf\u00e8re des responsabilit\u00e9s suppl\u00e9mentaires, notamment en mati\u00e8re de coordination des travaux de la commission et de supervision des actions des diff\u00e9rents acteurs gouvernementaux. Mon travail consiste \u00e0 m\u2019assurer que les politiques et projets l\u00e9gislatifs propos\u00e9s sont en ad\u00e9quation avec les besoins et les aspirations des Bruxellois. Que ce soit en mati\u00e8re de culture, d\u2019\u00e9ducation ou de relations internationales, je veille \u00e0 ce que notre r\u00e9gion dispose des outils n\u00e9cessaires pour se d\u00e9velopper de mani\u00e8re inclusive et \u00e9quitable.<\/p>\t\t\t\t\t\t<\/div>\n\t\t\t\t<\/div>\n\t\t\t\t\t<\/div>\n\t\t<\/div>\n\t\t\t\t\t\t\t<\/div>\n\t\t<\/section>\n\t\t\t\t<section class=\"elementor-section elementor-top-section elementor-element elementor-element-1cfa669 elementor-section-boxed elementor-section-height-default elementor-section-height-default wpr-particle-no wpr-jarallax-no wpr-parallax-no wpr-sticky-section-no\" data-id=\"1cfa669\" data-element_type=\"section\">\n\t\t\t\t\t\t<div class=\"elementor-container elementor-column-gap-default\">\n\t\t\t\t\t<div class=\"elementor-column elementor-col-50 elementor-top-column elementor-element elementor-element-98d3e10\" data-id=\"98d3e10\" data-element_type=\"column\">\n\t\t\t<div class=\"elementor-widget-wrap elementor-element-populated\">\n\t\t\t\t\t\t\t\t<div class=\"elementor-element elementor-element-73557d4 elementor-widget elementor-widget-image\" data-id=\"73557d4\" data-element_type=\"widget\" data-widget_type=\"image.default\">\n\t\t\t\t<div class=\"elementor-widget-container\">\n\t\t\t\t\t\t\t\t\t\t\t\t\t\t\t<img loading=\"lazy\" decoding=\"async\" width=\"768\" height=\"1047\" src=\"https:\/\/gaetanvangoidsenhoven.be\/wp-content\/uploads\/2024\/02\/Design-sans-titre-768x1047.jpg\" class=\"attachment-medium_large size-medium_large wp-image-2524\" alt=\"\" srcset=\"https:\/\/gaetanvangoidsenhoven.be\/wp-content\/uploads\/2024\/02\/Design-sans-titre-768x1047.jpg 768w, https:\/\/gaetanvangoidsenhoven.be\/wp-content\/uploads\/2024\/02\/Design-sans-titre-220x300.jpg 220w, https:\/\/gaetanvangoidsenhoven.be\/wp-content\/uploads\/2024\/02\/Design-sans-titre-751x1024.jpg 751w, https:\/\/gaetanvangoidsenhoven.be\/wp-content\/uploads\/2024\/02\/Design-sans-titre.jpg 954w\" sizes=\"auto, (max-width: 768px) 100vw, 768px\" \/>\t\t\t\t\t\t\t\t\t\t\t\t\t\t\t<\/div>\n\t\t\t\t<\/div>\n\t\t\t\t<div class=\"elementor-element elementor-element-18bf946 elementor-widget elementor-widget-spacer\" data-id=\"18bf946\" data-element_type=\"widget\" data-widget_type=\"spacer.default\">\n\t\t\t\t<div class=\"elementor-widget-container\">\n\t\t\t\t\t<div class=\"elementor-spacer\">\n\t\t\t<div class=\"elementor-spacer-inner\"><\/div>\n\t\t<\/div>\n\t\t\t\t<\/div>\n\t\t\t\t<\/div>\n\t\t\t\t\t<\/div>\n\t\t<\/div>\n\t\t\t\t<div class=\"elementor-column elementor-col-50 elementor-top-column elementor-element elementor-element-1fcb81a\" data-id=\"1fcb81a\" data-element_type=\"column\">\n\t\t\t<div class=\"elementor-widget-wrap elementor-element-populated\">\n\t\t\t\t\t\t\t\t<div class=\"elementor-element elementor-element-2a93d5e elementor-widget elementor-widget-text-editor\" data-id=\"2a93d5e\" data-element_type=\"widget\" data-widget_type=\"text-editor.default\">\n\t\t\t\t<div class=\"elementor-widget-container\">\n\t\t\t\t\t\t\t<p data-start=\"1279\" data-end=\"1929\"><strong>Mon r\u00f4le<\/strong> implique aussi une vigilance constante dans le contr\u00f4le des actions des membres du gouvernement, assurant ainsi une gestion transparente et efficace des ressources publiques. <strong>Je m\u2019efforce de d\u00e9fendre<\/strong> une gestion responsable qui prenne en compte \u00e0 la fois les enjeux locaux et les priorit\u00e9s globales, dans un souci de coh\u00e9sion sociale et d&rsquo;innovation. De plus, en tant que <strong>membre de cette commission<\/strong>, je participe \u00e0 l\u2019\u00e9laboration de projets de loi, la r\u00e9vision de textes l\u00e9gislatifs existants et la proposition de nouvelles initiatives en lien avec la culture, l&rsquo;\u00e9ducation permanente, ainsi que le rayonnement international de notre capitale.<\/p><p data-start=\"1931\" data-end=\"2578\">Au sein de ce cadre, mon engagement est aussi motiv\u00e9 par l\u2019envie de <strong>renforcer les liens entre les citoyens et leurs institutions<\/strong>, en cr\u00e9ant des politiques publiques qui renforcent le vivre-ensemble et l\u2019ouverture sur le monde. Je soutiens activement des initiatives qui permettent \u00e0 la culture bruxelloise de rayonner, que ce soit \u00e0 travers la promotion des arts, le soutien \u00e0 l\u2019\u00e9ducation et \u00e0 la formation tout au long de la vie, ou la mise en place de projets qui favorisent la coop\u00e9ration internationale de la r\u00e9gion. Mon travail parlementaire se veut \u00e0 la fois une <strong>r\u00e9ponse aux d\u00e9fis actuels de Bruxelles<\/strong> et <strong>une anticipation des besoins futurs.<\/strong><\/p>\t\t\t\t\t\t<\/div>\n\t\t\t\t<\/div>\n\t\t\t\t<div class=\"elementor-element elementor-element-16d6f34 elementor-widget elementor-widget-spacer\" data-id=\"16d6f34\" data-element_type=\"widget\" data-widget_type=\"spacer.default\">\n\t\t\t\t<div class=\"elementor-widget-container\">\n\t\t\t\t\t<div class=\"elementor-spacer\">\n\t\t\t<div class=\"elementor-spacer-inner\"><\/div>\n\t\t<\/div>\n\t\t\t\t<\/div>\n\t\t\t\t<\/div>\n\t\t\t\t\t<\/div>\n\t\t<\/div>\n\t\t\t\t\t\t\t<\/div>\n\t\t<\/section>\n\t\t\t\t<section class=\"elementor-section elementor-top-section elementor-element elementor-element-76a63f1 elementor-section-boxed elementor-section-height-default elementor-section-height-default wpr-particle-no wpr-jarallax-no wpr-parallax-no wpr-sticky-section-no\" data-id=\"76a63f1\" data-element_type=\"section\">\n\t\t\t\t\t\t<div class=\"elementor-container elementor-column-gap-default\">\n\t\t\t\t\t<div class=\"elementor-column elementor-col-33 elementor-top-column elementor-element elementor-element-e3514a1\" data-id=\"e3514a1\" data-element_type=\"column\">\n\t\t\t<div class=\"elementor-widget-wrap elementor-element-populated\">\n\t\t\t\t\t\t\t\t<div class=\"elementor-element elementor-element-69bdfc9 elementor-widget elementor-widget-text-editor\" data-id=\"69bdfc9\" data-element_type=\"widget\" data-widget_type=\"text-editor.default\">\n\t\t\t\t<div class=\"elementor-widget-container\">\n\t\t\t\t\t\t\t<p>Projets culturels visant \u00e0 renforcer la diversit\u00e9 et l&rsquo;inclusion au sein de la r\u00e9gion bruxelloise<\/p>\t\t\t\t\t\t<\/div>\n\t\t\t\t<\/div>\n\t\t\t\t<div class=\"elementor-element elementor-element-4b91e04 elementor-widget elementor-widget-image\" data-id=\"4b91e04\" data-element_type=\"widget\" data-widget_type=\"image.default\">\n\t\t\t\t<div class=\"elementor-widget-container\">\n\t\t\t\t\t\t\t\t\t\t\t\t\t\t\t<img loading=\"lazy\" decoding=\"async\" width=\"1024\" height=\"1024\" src=\"https:\/\/gaetanvangoidsenhoven.be\/wp-content\/uploads\/2024\/02\/cropped-cropped-cropped-cropped-cropped-Design-sans-titre-1024x1024.jpg\" class=\"attachment-large size-large wp-image-2552\" alt=\"\" srcset=\"https:\/\/gaetanvangoidsenhoven.be\/wp-content\/uploads\/2024\/02\/cropped-cropped-cropped-cropped-cropped-Design-sans-titre-1024x1024.jpg 1024w, https:\/\/gaetanvangoidsenhoven.be\/wp-content\/uploads\/2024\/02\/cropped-cropped-cropped-cropped-cropped-Design-sans-titre-300x300.jpg 300w, https:\/\/gaetanvangoidsenhoven.be\/wp-content\/uploads\/2024\/02\/cropped-cropped-cropped-cropped-cropped-Design-sans-titre-150x150.jpg 150w, https:\/\/gaetanvangoidsenhoven.be\/wp-content\/uploads\/2024\/02\/cropped-cropped-cropped-cropped-cropped-Design-sans-titre-768x768.jpg 768w, https:\/\/gaetanvangoidsenhoven.be\/wp-content\/uploads\/2024\/02\/cropped-cropped-cropped-cropped-cropped-Design-sans-titre-100x100.jpg 100w, https:\/\/gaetanvangoidsenhoven.be\/wp-content\/uploads\/2024\/02\/cropped-cropped-cropped-cropped-cropped-Design-sans-titre-350x350.jpg 350w, https:\/\/gaetanvangoidsenhoven.be\/wp-content\/uploads\/2024\/02\/cropped-cropped-cropped-cropped-cropped-Design-sans-titre.jpg 1440w\" sizes=\"auto, (max-width: 1024px) 100vw, 1024px\" \/>\t\t\t\t\t\t\t\t\t\t\t\t\t\t\t<\/div>\n\t\t\t\t<\/div>\n\t\t\t\t<div class=\"elementor-element elementor-element-3fcc455 elementor-align-center elementor-widget elementor-widget-button\" data-id=\"3fcc455\" data-element_type=\"widget\" data-widget_type=\"button.default\">\n\t\t\t\t<div class=\"elementor-widget-container\">\n\t\t\t\t\t<div class=\"elementor-button-wrapper\">\n\t\t\t<a class=\"elementor-button elementor-button-link elementor-size-md elementor-animation-shrink\" href=\"#\">\n\t\t\t\t\t\t<span class=\"elementor-button-content-wrapper\">\n\t\t\t\t\t\t<span class=\"elementor-button-text\">D\u00e9couvrez ici !<\/span>\n\t\t<\/span>\n\t\t\t\t\t<\/a>\n\t\t<\/div>\n\t\t\t\t<\/div>\n\t\t\t\t<\/div>\n\t\t\t\t\t<\/div>\n\t\t<\/div>\n\t\t\t\t<div class=\"elementor-column elementor-col-33 elementor-top-column elementor-element elementor-element-f03e23d\" data-id=\"f03e23d\" data-element_type=\"column\">\n\t\t\t<div class=\"elementor-widget-wrap elementor-element-populated\">\n\t\t\t\t\t\t\t\t<div class=\"elementor-element elementor-element-56bb6fb elementor-widget elementor-widget-spacer\" data-id=\"56bb6fb\" data-element_type=\"widget\" data-widget_type=\"spacer.default\">\n\t\t\t\t<div class=\"elementor-widget-container\">\n\t\t\t\t\t<div class=\"elementor-spacer\">\n\t\t\t<div class=\"elementor-spacer-inner\"><\/div>\n\t\t<\/div>\n\t\t\t\t<\/div>\n\t\t\t\t<\/div>\n\t\t\t\t<div class=\"elementor-element elementor-element-776c96d elementor-widget elementor-widget-text-editor\" data-id=\"776c96d\" data-element_type=\"widget\" data-widget_type=\"text-editor.default\">\n\t\t\t\t<div class=\"elementor-widget-container\">\n\t\t\t\t\t\t\t<p>Politiques \u00e9ducatives visant \u00e0 favoriser l&rsquo;\u00e9galit\u00e9 des chances pour tous les jeunes de Bruxelles<\/p>\t\t\t\t\t\t<\/div>\n\t\t\t\t<\/div>\n\t\t\t\t<div class=\"elementor-element elementor-element-d1c4dd8 elementor-widget elementor-widget-image\" data-id=\"d1c4dd8\" data-element_type=\"widget\" data-widget_type=\"image.default\">\n\t\t\t\t<div class=\"elementor-widget-container\">\n\t\t\t\t\t\t\t\t\t\t\t\t\t\t\t<img loading=\"lazy\" decoding=\"async\" width=\"1024\" height=\"1024\" src=\"https:\/\/gaetanvangoidsenhoven.be\/wp-content\/uploads\/2024\/02\/cropped-cropped-cropped-cropped-cropped-Design-sans-titre-1024x1024.jpg\" class=\"attachment-large size-large wp-image-2552\" alt=\"\" srcset=\"https:\/\/gaetanvangoidsenhoven.be\/wp-content\/uploads\/2024\/02\/cropped-cropped-cropped-cropped-cropped-Design-sans-titre-1024x1024.jpg 1024w, https:\/\/gaetanvangoidsenhoven.be\/wp-content\/uploads\/2024\/02\/cropped-cropped-cropped-cropped-cropped-Design-sans-titre-300x300.jpg 300w, https:\/\/gaetanvangoidsenhoven.be\/wp-content\/uploads\/2024\/02\/cropped-cropped-cropped-cropped-cropped-Design-sans-titre-150x150.jpg 150w, https:\/\/gaetanvangoidsenhoven.be\/wp-content\/uploads\/2024\/02\/cropped-cropped-cropped-cropped-cropped-Design-sans-titre-768x768.jpg 768w, https:\/\/gaetanvangoidsenhoven.be\/wp-content\/uploads\/2024\/02\/cropped-cropped-cropped-cropped-cropped-Design-sans-titre-100x100.jpg 100w, https:\/\/gaetanvangoidsenhoven.be\/wp-content\/uploads\/2024\/02\/cropped-cropped-cropped-cropped-cropped-Design-sans-titre-350x350.jpg 350w, https:\/\/gaetanvangoidsenhoven.be\/wp-content\/uploads\/2024\/02\/cropped-cropped-cropped-cropped-cropped-Design-sans-titre.jpg 1440w\" sizes=\"auto, (max-width: 1024px) 100vw, 1024px\" \/>\t\t\t\t\t\t\t\t\t\t\t\t\t\t\t<\/div>\n\t\t\t\t<\/div>\n\t\t\t\t<div class=\"elementor-element elementor-element-25b3f45 elementor-align-center elementor-widget elementor-widget-button\" data-id=\"25b3f45\" data-element_type=\"widget\" data-widget_type=\"button.default\">\n\t\t\t\t<div class=\"elementor-widget-container\">\n\t\t\t\t\t<div class=\"elementor-button-wrapper\">\n\t\t\t<a class=\"elementor-button elementor-button-link elementor-size-md elementor-animation-shrink\" href=\"#\">\n\t\t\t\t\t\t<span class=\"elementor-button-content-wrapper\">\n\t\t\t\t\t\t<span class=\"elementor-button-text\">D\u00e9couvrez ici !<\/span>\n\t\t<\/span>\n\t\t\t\t\t<\/a>\n\t\t<\/div>\n\t\t\t\t<\/div>\n\t\t\t\t<\/div>\n\t\t\t\t<div class=\"elementor-element elementor-element-d03bbd5 elementor-widget elementor-widget-spacer\" data-id=\"d03bbd5\" data-element_type=\"widget\" data-widget_type=\"spacer.default\">\n\t\t\t\t<div class=\"elementor-widget-container\">\n\t\t\t\t\t<div class=\"elementor-spacer\">\n\t\t\t<div class=\"elementor-spacer-inner\"><\/div>\n\t\t<\/div>\n\t\t\t\t<\/div>\n\t\t\t\t<\/div>\n\t\t\t\t\t<\/div>\n\t\t<\/div>\n\t\t\t\t<div class=\"elementor-column elementor-col-33 elementor-top-column elementor-element elementor-element-48a22a7\" data-id=\"48a22a7\" data-element_type=\"column\">\n\t\t\t<div class=\"elementor-widget-wrap elementor-element-populated\">\n\t\t\t\t\t\t\t\t<div class=\"elementor-element elementor-element-e6d8ea8 elementor-widget elementor-widget-text-editor\" data-id=\"e6d8ea8\" data-element_type=\"widget\" data-widget_type=\"text-editor.default\">\n\t\t\t\t<div class=\"elementor-widget-container\">\n\t\t\t\t\t\t\t<p>Propositions l\u00e9gislatives visant \u00e0 am\u00e9liorer la mobilit\u00e9 dans la r\u00e9gion bruxelloise<\/p>\t\t\t\t\t\t<\/div>\n\t\t\t\t<\/div>\n\t\t\t\t<div class=\"elementor-element elementor-element-ea29c51 elementor-widget elementor-widget-image\" data-id=\"ea29c51\" data-element_type=\"widget\" data-widget_type=\"image.default\">\n\t\t\t\t<div class=\"elementor-widget-container\">\n\t\t\t\t\t\t\t\t\t\t\t\t\t\t\t<img loading=\"lazy\" decoding=\"async\" width=\"1024\" height=\"1024\" src=\"https:\/\/gaetanvangoidsenhoven.be\/wp-content\/uploads\/2024\/02\/cropped-cropped-cropped-cropped-cropped-Design-sans-titre-1024x1024.jpg\" class=\"attachment-large size-large wp-image-2552\" alt=\"\" srcset=\"https:\/\/gaetanvangoidsenhoven.be\/wp-content\/uploads\/2024\/02\/cropped-cropped-cropped-cropped-cropped-Design-sans-titre-1024x1024.jpg 1024w, https:\/\/gaetanvangoidsenhoven.be\/wp-content\/uploads\/2024\/02\/cropped-cropped-cropped-cropped-cropped-Design-sans-titre-300x300.jpg 300w, https:\/\/gaetanvangoidsenhoven.be\/wp-content\/uploads\/2024\/02\/cropped-cropped-cropped-cropped-cropped-Design-sans-titre-150x150.jpg 150w, https:\/\/gaetanvangoidsenhoven.be\/wp-content\/uploads\/2024\/02\/cropped-cropped-cropped-cropped-cropped-Design-sans-titre-768x768.jpg 768w, https:\/\/gaetanvangoidsenhoven.be\/wp-content\/uploads\/2024\/02\/cropped-cropped-cropped-cropped-cropped-Design-sans-titre-100x100.jpg 100w, https:\/\/gaetanvangoidsenhoven.be\/wp-content\/uploads\/2024\/02\/cropped-cropped-cropped-cropped-cropped-Design-sans-titre-350x350.jpg 350w, https:\/\/gaetanvangoidsenhoven.be\/wp-content\/uploads\/2024\/02\/cropped-cropped-cropped-cropped-cropped-Design-sans-titre.jpg 1440w\" sizes=\"auto, (max-width: 1024px) 100vw, 1024px\" \/>\t\t\t\t\t\t\t\t\t\t\t\t\t\t\t<\/div>\n\t\t\t\t<\/div>\n\t\t\t\t<div class=\"elementor-element elementor-element-978e4b7 elementor-align-center elementor-widget elementor-widget-button\" data-id=\"978e4b7\" data-element_type=\"widget\" data-widget_type=\"button.default\">\n\t\t\t\t<div class=\"elementor-widget-container\">\n\t\t\t\t\t<div class=\"elementor-button-wrapper\">\n\t\t\t<a class=\"elementor-button elementor-button-link elementor-size-sm elementor-animation-shrink\" href=\"#\">\n\t\t\t\t\t\t<span class=\"elementor-button-content-wrapper\">\n\t\t\t\t\t\t<span class=\"elementor-button-text\">D\u00e9couvrez ici !<\/span>\n\t\t<\/span>\n\t\t\t\t\t<\/a>\n\t\t<\/div>\n\t\t\t\t<\/div>\n\t\t\t\t<\/div>\n\t\t\t\t<div class=\"elementor-element elementor-element-9a28bcf elementor-widget elementor-widget-spacer\" data-id=\"9a28bcf\" data-element_type=\"widget\" data-widget_type=\"spacer.default\">\n\t\t\t\t<div class=\"elementor-widget-container\">\n\t\t\t\t\t<div class=\"elementor-spacer\">\n\t\t\t<div class=\"elementor-spacer-inner\"><\/div>\n\t\t<\/div>\n\t\t\t\t<\/div>\n\t\t\t\t<\/div>\n\t\t\t\t\t<\/div>\n\t\t<\/div>\n\t\t\t\t\t\t\t<\/div>\n\t\t<\/section>\n\t\t\t\t<section class=\"elementor-section elementor-top-section elementor-element elementor-element-74b19f3 elementor-section-boxed elementor-section-height-default elementor-section-height-default wpr-particle-no wpr-jarallax-no wpr-parallax-no wpr-sticky-section-no\" data-id=\"74b19f3\" data-element_type=\"section\">\n\t\t\t\t\t\t<div class=\"elementor-container elementor-column-gap-default\">\n\t\t\t\t\t<div class=\"elementor-column elementor-col-100 elementor-top-column elementor-element elementor-element-459686a\" data-id=\"459686a\" data-element_type=\"column\">\n\t\t\t<div class=\"elementor-widget-wrap elementor-element-populated\">\n\t\t\t\t\t\t\t\t<div class=\"elementor-element elementor-element-98cede4 elementor-widget-divider--view-line elementor-widget elementor-widget-divider\" data-id=\"98cede4\" data-element_type=\"widget\" data-widget_type=\"divider.default\">\n\t\t\t\t<div class=\"elementor-widget-container\">\n\t\t\t\t\t<div class=\"elementor-divider\">\n\t\t\t<span class=\"elementor-divider-separator\">\n\t\t\t\t\t\t<\/span>\n\t\t<\/div>\n\t\t\t\t<\/div>\n\t\t\t\t<\/div>\n\t\t\t\t\t<\/div>\n\t\t<\/div>\n\t\t\t\t\t\t\t<\/div>\n\t\t<\/section>\n\t\t\t\t<section class=\"elementor-section elementor-top-section elementor-element elementor-element-290755b elementor-section-boxed elementor-section-height-default elementor-section-height-default wpr-particle-no wpr-jarallax-no wpr-parallax-no wpr-sticky-section-no\" data-id=\"290755b\" data-element_type=\"section\">\n\t\t\t\t\t\t<div class=\"elementor-container elementor-column-gap-default\">\n\t\t\t\t\t<div class=\"elementor-column elementor-col-100 elementor-top-column elementor-element elementor-element-b208ba4\" data-id=\"b208ba4\" data-element_type=\"column\">\n\t\t\t<div class=\"elementor-widget-wrap elementor-element-populated\">\n\t\t\t\t\t\t\t\t<div class=\"elementor-element elementor-element-3a5f812 elementor-widget elementor-widget-text-editor\" data-id=\"3a5f812\" data-element_type=\"widget\" data-widget_type=\"text-editor.default\">\n\t\t\t\t<div class=\"elementor-widget-container\">\n\t\t\t\t\t\t\t<p><em>Rejoignez-moi sur les r\u00e9seaux sociaux pour suivre mon actualit\u00e9, mes engagements et \u00e9changer ensemble !<\/em><\/p>\t\t\t\t\t\t<\/div>\n\t\t\t\t<\/div>\n\t\t\t\t\t<\/div>\n\t\t<\/div>\n\t\t\t\t\t\t\t<\/div>\n\t\t<\/section>\n\t\t\t\t<section class=\"elementor-section elementor-top-section elementor-element elementor-element-024332d elementor-section-boxed elementor-section-height-default elementor-section-height-default wpr-particle-no wpr-jarallax-no wpr-parallax-no wpr-sticky-section-no\" data-id=\"024332d\" data-element_type=\"section\">\n\t\t\t\t\t\t<div class=\"elementor-container elementor-column-gap-default\">\n\t\t\t\t\t<div class=\"elementor-column elementor-col-100 elementor-top-column elementor-element elementor-element-e29928d\" data-id=\"e29928d\" data-element_type=\"column\">\n\t\t\t<div class=\"elementor-widget-wrap elementor-element-populated\">\n\t\t\t\t\t\t\t\t<div class=\"elementor-element elementor-element-02e24b1 elementor-shape-circle elementor-grid-0 e-grid-align-center elementor-widget elementor-widget-social-icons\" data-id=\"02e24b1\" data-element_type=\"widget\" data-widget_type=\"social-icons.default\">\n\t\t\t\t<div class=\"elementor-widget-container\">\n\t\t\t\t\t<div class=\"elementor-social-icons-wrapper elementor-grid\">\n\t\t\t\t\t\t\t<span class=\"elementor-grid-item\">\n\t\t\t\t\t<a class=\"elementor-icon elementor-social-icon elementor-social-icon-facebook elementor-animation-shrink elementor-repeater-item-148034f\" href=\"https:\/\/www.facebook.com\/groupemrsenat?locale=fr_FR\" target=\"_blank\">\n\t\t\t\t\t\t<span class=\"elementor-screen-only\">Facebook<\/span>\n\t\t\t\t\t\t<i class=\"fab fa-facebook\"><\/i>\t\t\t\t\t<\/a>\n\t\t\t\t<\/span>\n\t\t\t\t\t\t\t<span class=\"elementor-grid-item\">\n\t\t\t\t\t<a class=\"elementor-icon elementor-social-icon elementor-social-icon-twitter elementor-animation-shrink elementor-repeater-item-25b7058\" href=\"https:\/\/x.com\/gaetanvangoids?s=21&#038;t=vwX-y5Rj_rqxijyaq2Geag\" target=\"_blank\">\n\t\t\t\t\t\t<span class=\"elementor-screen-only\">Twitter<\/span>\n\t\t\t\t\t\t<i class=\"fab fa-twitter\"><\/i>\t\t\t\t\t<\/a>\n\t\t\t\t<\/span>\n\t\t\t\t\t\t\t<span class=\"elementor-grid-item\">\n\t\t\t\t\t<a class=\"elementor-icon elementor-social-icon elementor-social-icon-instagram elementor-animation-shrink elementor-repeater-item-e377da2\" href=\"https:\/\/www.instagram.com\/gaetan_van_goidsenhoven_\/\" target=\"_blank\">\n\t\t\t\t\t\t<span class=\"elementor-screen-only\">Instagram<\/span>\n\t\t\t\t\t\t<i class=\"fab fa-instagram\"><\/i>\t\t\t\t\t<\/a>\n\t\t\t\t<\/span>\n\t\t\t\t\t\t\t<span class=\"elementor-grid-item\">\n\t\t\t\t\t<a class=\"elementor-icon elementor-social-icon elementor-social-icon-linkedin elementor-animation-shrink elementor-repeater-item-9604d75\" href=\"https:\/\/www.linkedin.com\/in\/ga\u00ebtan-van-goidsenhoven-a534461aa\/?originalSubdomain=be\" target=\"_blank\">\n\t\t\t\t\t\t<span class=\"elementor-screen-only\">Linkedin<\/span>\n\t\t\t\t\t\t<i class=\"fab fa-linkedin\"><\/i>\t\t\t\t\t<\/a>\n\t\t\t\t<\/span>\n\t\t\t\t\t<\/div>\n\t\t\t\t<\/div>\n\t\t\t\t<\/div>\n\t\t\t\t<div class=\"elementor-element elementor-element-c11946b elementor-widget elementor-widget-spacer\" data-id=\"c11946b\" data-element_type=\"widget\" data-widget_type=\"spacer.default\">\n\t\t\t\t<div class=\"elementor-widget-container\">\n\t\t\t\t\t<div class=\"elementor-spacer\">\n\t\t\t<div class=\"elementor-spacer-inner\"><\/div>\n\t\t<\/div>\n\t\t\t\t<\/div>\n\t\t\t\t<\/div>\n\t\t\t\t<div class=\"elementor-element elementor-element-2f01bde elementor-widget elementor-widget-spacer\" data-id=\"2f01bde\" data-element_type=\"widget\" data-widget_type=\"spacer.default\">\n\t\t\t\t<div class=\"elementor-widget-container\">\n\t\t\t\t\t<div class=\"elementor-spacer\">\n\t\t\t<div class=\"elementor-spacer-inner\"><\/div>\n\t\t<\/div>\n\t\t\t\t<\/div>\n\t\t\t\t<\/div>\n\t\t\t\t\t<\/div>\n\t\t<\/div>\n\t\t\t\t\t\t\t<\/div>\n\t\t<\/section>\n\t\t\t\t\t\t\t<\/div>\n\t\t","protected":false},"excerpt":{"rendered":"<p>Mon travail au parlement bruxellois En tant que d\u00e9put\u00e9 au Parlement de la [&hellip;]<\/p>\n","protected":false},"author":2,"featured_media":0,"parent":0,"menu_order":0,"comment_status":"closed","ping_status":"closed","template":"","meta":{"ngg_post_thumbnail":0,"footnotes":""},"class_list":["post-2639","page","type-page","status-publish","hentry"],"aioseo_notices":[],"_links":{"self":[{"href":"https:\/\/gaetanvangoidsenhoven.be\/index.php\/wp-json\/wp\/v2\/pages\/2639","targetHints":{"allow":["GET"]}}],"collection":[{"href":"https:\/\/gaetanvangoidsenhoven.be\/index.php\/wp-json\/wp\/v2\/pages"}],"about":[{"href":"https:\/\/gaetanvangoidsenhoven.be\/index.php\/wp-json\/wp\/v2\/types\/page"}],"author":[{"embeddable":true,"href":"https:\/\/gaetanvangoidsenhoven.be\/index.php\/wp-json\/wp\/v2\/users\/2"}],"replies":[{"embeddable":true,"href":"https:\/\/gaetanvangoidsenhoven.be\/index.php\/wp-json\/wp\/v2\/comments?post=2639"}],"version-history":[{"count":49,"href":"https:\/\/gaetanvangoidsenhoven.be\/index.php\/wp-json\/wp\/v2\/pages\/2639\/revisions"}],"predecessor-version":[{"id":3335,"href":"https:\/\/gaetanvangoidsenhoven.be\/index.php\/wp-json\/wp\/v2\/pages\/2639\/revisions\/3335"}],"wp:attachment":[{"href":"https:\/\/gaetanvangoidsenhoven.be\/index.php\/wp-json\/wp\/v2\/media?parent=2639"}],"curies":[{"name":"wp","href":"https:\/\/api.w.org\/{rel}","templated":true}]}}