{"id":2641,"date":"2025-03-17T11:35:34","date_gmt":"2025-03-17T10:35:34","guid":{"rendered":"http:\/\/gaetanvangoidsenhoven.be\/?page_id=2641"},"modified":"2025-03-23T18:12:50","modified_gmt":"2025-03-23T17:12:50","slug":"parlement-cocof","status":"publish","type":"page","link":"https:\/\/gaetanvangoidsenhoven.be\/index.php\/parlement-cocof\/","title":{"rendered":"Parlement COCOF"},"content":{"rendered":"\t\t<div data-elementor-type=\"wp-page\" data-elementor-id=\"2641\" class=\"elementor elementor-2641\">\n\t\t\t\t\t\t\t\t\t<section class=\"elementor-section elementor-top-section elementor-element elementor-element-012d780 elementor-section-boxed elementor-section-height-default elementor-section-height-default wpr-particle-no wpr-jarallax-no wpr-parallax-no wpr-sticky-section-no\" data-id=\"012d780\" data-element_type=\"section\">\n\t\t\t\t\t\t<div class=\"elementor-container elementor-column-gap-default\">\n\t\t\t\t\t<div class=\"elementor-column elementor-col-100 elementor-top-column elementor-element elementor-element-bf1fbf5\" data-id=\"bf1fbf5\" data-element_type=\"column\">\n\t\t\t<div class=\"elementor-widget-wrap elementor-element-populated\">\n\t\t\t\t\t\t\t\t<div class=\"elementor-element elementor-element-e1d3272 elementor-widget elementor-widget-spacer\" data-id=\"e1d3272\" data-element_type=\"widget\" data-widget_type=\"spacer.default\">\n\t\t\t\t<div class=\"elementor-widget-container\">\n\t\t\t\t\t<div class=\"elementor-spacer\">\n\t\t\t<div class=\"elementor-spacer-inner\"><\/div>\n\t\t<\/div>\n\t\t\t\t<\/div>\n\t\t\t\t<\/div>\n\t\t\t\t<div class=\"elementor-element elementor-element-817da3b elementor-widget elementor-widget-heading\" data-id=\"817da3b\" data-element_type=\"widget\" data-widget_type=\"heading.default\">\n\t\t\t\t<div class=\"elementor-widget-container\">\n\t\t\t<h2 class=\"elementor-heading-title elementor-size-default\">Mon travail au parlement COCOF<\/h2>\t\t<\/div>\n\t\t\t\t<\/div>\n\t\t\t\t<div class=\"elementor-element elementor-element-a9a692d elementor-widget elementor-widget-spacer\" data-id=\"a9a692d\" data-element_type=\"widget\" data-widget_type=\"spacer.default\">\n\t\t\t\t<div class=\"elementor-widget-container\">\n\t\t\t\t\t<div class=\"elementor-spacer\">\n\t\t\t<div class=\"elementor-spacer-inner\"><\/div>\n\t\t<\/div>\n\t\t\t\t<\/div>\n\t\t\t\t<\/div>\n\t\t\t\t<div class=\"elementor-element elementor-element-78dc4ec elementor-widget elementor-widget-text-editor\" data-id=\"78dc4ec\" data-element_type=\"widget\" data-widget_type=\"text-editor.default\">\n\t\t\t\t<div class=\"elementor-widget-container\">\n\t\t\t\t\t\t\t<p>En tant que <strong>chef de groupe<\/strong> du Mouvement R\u00e9formateur (MR) au sein de la <strong>Commission communautaire fran\u00e7aise (COCOF)<\/strong>,<strong> depuis 2019,<\/strong> je joue un r\u00f4le cl\u00e9 dans la coordination des actions de notre groupe politique. Mon objectif est de <strong>garantir que nos valeurs lib\u00e9rales<\/strong> et nos <strong>priorit\u00e9s<\/strong> soient pleinement <strong>repr\u00e9sent\u00e9es<\/strong> dans les d\u00e9bats et les d\u00e9cisions concernant les comp\u00e9tences de la COCOF, qui couvrent des domaines essentiels tels que la culture, l&rsquo;enseignement, la sant\u00e9 et l&rsquo;aide aux personnes.<\/p>\t\t\t\t\t\t<\/div>\n\t\t\t\t<\/div>\n\t\t\t\t\t<\/div>\n\t\t<\/div>\n\t\t\t\t\t\t\t<\/div>\n\t\t<\/section>\n\t\t\t\t<section class=\"elementor-section elementor-top-section elementor-element elementor-element-4c9d201 elementor-section-boxed elementor-section-height-default elementor-section-height-default wpr-particle-no wpr-jarallax-no wpr-parallax-no wpr-sticky-section-no\" data-id=\"4c9d201\" data-element_type=\"section\">\n\t\t\t\t\t\t<div class=\"elementor-container elementor-column-gap-default\">\n\t\t\t\t\t<div class=\"elementor-column elementor-col-33 elementor-top-column elementor-element elementor-element-5990da7\" data-id=\"5990da7\" data-element_type=\"column\">\n\t\t\t<div class=\"elementor-widget-wrap elementor-element-populated\">\n\t\t\t\t\t\t\t\t<div class=\"elementor-element elementor-element-399c93b elementor-widget elementor-widget-image\" data-id=\"399c93b\" data-element_type=\"widget\" data-widget_type=\"image.default\">\n\t\t\t\t<div class=\"elementor-widget-container\">\n\t\t\t\t\t\t\t\t\t\t\t\t\t\t\t<img loading=\"lazy\" decoding=\"async\" width=\"751\" height=\"1024\" src=\"https:\/\/gaetanvangoidsenhoven.be\/wp-content\/uploads\/2024\/02\/Design-sans-titre-751x1024.jpg\" class=\"attachment-large size-large wp-image-2524\" alt=\"\" srcset=\"https:\/\/gaetanvangoidsenhoven.be\/wp-content\/uploads\/2024\/02\/Design-sans-titre-751x1024.jpg 751w, https:\/\/gaetanvangoidsenhoven.be\/wp-content\/uploads\/2024\/02\/Design-sans-titre-220x300.jpg 220w, https:\/\/gaetanvangoidsenhoven.be\/wp-content\/uploads\/2024\/02\/Design-sans-titre-768x1047.jpg 768w, https:\/\/gaetanvangoidsenhoven.be\/wp-content\/uploads\/2024\/02\/Design-sans-titre.jpg 954w\" sizes=\"auto, (max-width: 751px) 100vw, 751px\" \/>\t\t\t\t\t\t\t\t\t\t\t\t\t\t\t<\/div>\n\t\t\t\t<\/div>\n\t\t\t\t<div class=\"elementor-element elementor-element-dc80ae2 elementor-widget elementor-widget-spacer\" data-id=\"dc80ae2\" data-element_type=\"widget\" data-widget_type=\"spacer.default\">\n\t\t\t\t<div class=\"elementor-widget-container\">\n\t\t\t\t\t<div class=\"elementor-spacer\">\n\t\t\t<div class=\"elementor-spacer-inner\"><\/div>\n\t\t<\/div>\n\t\t\t\t<\/div>\n\t\t\t\t<\/div>\n\t\t\t\t\t<\/div>\n\t\t<\/div>\n\t\t\t\t<div class=\"elementor-column elementor-col-66 elementor-top-column elementor-element elementor-element-071dd81\" data-id=\"071dd81\" data-element_type=\"column\">\n\t\t\t<div class=\"elementor-widget-wrap elementor-element-populated\">\n\t\t\t\t\t\t\t\t<div class=\"elementor-element elementor-element-5302452 elementor-widget elementor-widget-text-editor\" data-id=\"5302452\" data-element_type=\"widget\" data-widget_type=\"text-editor.default\">\n\t\t\t\t<div class=\"elementor-widget-container\">\n\t\t\t\t\t\t\t<p data-start=\"637\" data-end=\"1128\">Mon engagement au sein de la COCOF me permet de participer activement \u00e0 l&rsquo;\u00e9laboration et \u00e0 l&rsquo;examen de propositions l\u00e9gislatives. <strong>Depuis 2020<\/strong>, je me suis notamment impliqu\u00e9 dans la r\u00e9vision des politiques culturelles et \u00e9ducatives pour les rendre plus accessibles et adapt\u00e9es aux besoins des citoyens francophones de Bruxelles. Je d\u00e9fends \u00e9galement des politiques en faveur de l&rsquo;am\u00e9lioration de l&rsquo;acc\u00e8s aux soins de sant\u00e9 et d&rsquo;un meilleur soutien aux personnes en situation de pr\u00e9carit\u00e9.<\/p><p data-start=\"1130\" data-end=\"1467\">Je suis \u00e9galement un acteur cl\u00e9 dans les travaux des diff\u00e9rentes commissions de la COCOF, o\u00f9 je m&rsquo;efforce de <strong>promouvoir des politiques progressistes et inclusives<\/strong>. Mon action se concentre sur le d\u00e9veloppement culturel, l&rsquo;acc\u00e8s \u00e0 une \u00e9ducation de qualit\u00e9 et la promotion du bien-\u00eatre pour tous, particuli\u00e8rement pour les plus vuln\u00e9rables.<\/p><p data-start=\"1469\" data-end=\"1817\">Mon engagement au sein de la COCOF repose sur la conviction que Bruxelles m\u00e9rite des politiques publiques ambitieuses. En mettant l\u2019accent sur l\u2019\u00e9ducation, la culture et les droits sociaux, je m&rsquo;efforce, <strong>chaque jour depuis 2019<\/strong>, de contribuer activement \u00e0 la construction d&rsquo;une r\u00e9gion bruxelloise plus juste, solidaire et tourn\u00e9e vers l&rsquo;avenir.<\/p>\t\t\t\t\t\t<\/div>\n\t\t\t\t<\/div>\n\t\t\t\t<div class=\"elementor-element elementor-element-bbee87f elementor-widget elementor-widget-spacer\" data-id=\"bbee87f\" data-element_type=\"widget\" data-widget_type=\"spacer.default\">\n\t\t\t\t<div class=\"elementor-widget-container\">\n\t\t\t\t\t<div class=\"elementor-spacer\">\n\t\t\t<div class=\"elementor-spacer-inner\"><\/div>\n\t\t<\/div>\n\t\t\t\t<\/div>\n\t\t\t\t<\/div>\n\t\t\t\t\t<\/div>\n\t\t<\/div>\n\t\t\t\t\t\t\t<\/div>\n\t\t<\/section>\n\t\t\t\t<section class=\"elementor-section elementor-top-section elementor-element elementor-element-f3a3547 elementor-section-boxed elementor-section-height-default elementor-section-height-default wpr-particle-no wpr-jarallax-no wpr-parallax-no wpr-sticky-section-no\" data-id=\"f3a3547\" data-element_type=\"section\">\n\t\t\t\t\t\t<div class=\"elementor-container elementor-column-gap-default\">\n\t\t\t\t\t<div class=\"elementor-column elementor-col-33 elementor-top-column elementor-element elementor-element-c0cb604\" data-id=\"c0cb604\" data-element_type=\"column\">\n\t\t\t<div class=\"elementor-widget-wrap elementor-element-populated\">\n\t\t\t\t\t\t\t\t<div class=\"elementor-element elementor-element-da43eaa elementor-widget elementor-widget-text-editor\" data-id=\"da43eaa\" data-element_type=\"widget\" data-widget_type=\"text-editor.default\">\n\t\t\t\t<div class=\"elementor-widget-container\">\n\t\t\t\t\t\t\t<p>Promotion de l&rsquo;acc\u00e8s \u00e0 la culture, l&rsquo;\u00e9ducation et aux soins pour les francophones bruxellois<\/p>\t\t\t\t\t\t<\/div>\n\t\t\t\t<\/div>\n\t\t\t\t<div class=\"elementor-element elementor-element-a919dd6 elementor-widget elementor-widget-image\" data-id=\"a919dd6\" data-element_type=\"widget\" data-widget_type=\"image.default\">\n\t\t\t\t<div class=\"elementor-widget-container\">\n\t\t\t\t\t\t\t\t\t\t\t\t\t\t\t<img loading=\"lazy\" decoding=\"async\" width=\"1024\" height=\"1024\" src=\"https:\/\/gaetanvangoidsenhoven.be\/wp-content\/uploads\/2024\/02\/cropped-cropped-cropped-cropped-cropped-Design-sans-titre-1024x1024.jpg\" class=\"attachment-large size-large wp-image-2552\" alt=\"\" srcset=\"https:\/\/gaetanvangoidsenhoven.be\/wp-content\/uploads\/2024\/02\/cropped-cropped-cropped-cropped-cropped-Design-sans-titre-1024x1024.jpg 1024w, https:\/\/gaetanvangoidsenhoven.be\/wp-content\/uploads\/2024\/02\/cropped-cropped-cropped-cropped-cropped-Design-sans-titre-300x300.jpg 300w, https:\/\/gaetanvangoidsenhoven.be\/wp-content\/uploads\/2024\/02\/cropped-cropped-cropped-cropped-cropped-Design-sans-titre-150x150.jpg 150w, https:\/\/gaetanvangoidsenhoven.be\/wp-content\/uploads\/2024\/02\/cropped-cropped-cropped-cropped-cropped-Design-sans-titre-768x768.jpg 768w, https:\/\/gaetanvangoidsenhoven.be\/wp-content\/uploads\/2024\/02\/cropped-cropped-cropped-cropped-cropped-Design-sans-titre-100x100.jpg 100w, https:\/\/gaetanvangoidsenhoven.be\/wp-content\/uploads\/2024\/02\/cropped-cropped-cropped-cropped-cropped-Design-sans-titre-350x350.jpg 350w, https:\/\/gaetanvangoidsenhoven.be\/wp-content\/uploads\/2024\/02\/cropped-cropped-cropped-cropped-cropped-Design-sans-titre.jpg 1440w\" sizes=\"auto, (max-width: 1024px) 100vw, 1024px\" \/>\t\t\t\t\t\t\t\t\t\t\t\t\t\t\t<\/div>\n\t\t\t\t<\/div>\n\t\t\t\t<div class=\"elementor-element elementor-element-0d2a66d elementor-align-center elementor-widget elementor-widget-button\" data-id=\"0d2a66d\" data-element_type=\"widget\" data-widget_type=\"button.default\">\n\t\t\t\t<div class=\"elementor-widget-container\">\n\t\t\t\t\t<div class=\"elementor-button-wrapper\">\n\t\t\t<a class=\"elementor-button elementor-button-link elementor-size-sm elementor-animation-shrink\" href=\"#\">\n\t\t\t\t\t\t<span class=\"elementor-button-content-wrapper\">\n\t\t\t\t\t\t<span class=\"elementor-button-text\">D\u00e9couvrez ici !<\/span>\n\t\t<\/span>\n\t\t\t\t\t<\/a>\n\t\t<\/div>\n\t\t\t\t<\/div>\n\t\t\t\t<\/div>\n\t\t\t\t\t<\/div>\n\t\t<\/div>\n\t\t\t\t<div class=\"elementor-column elementor-col-33 elementor-top-column elementor-element elementor-element-be348dc\" data-id=\"be348dc\" data-element_type=\"column\">\n\t\t\t<div class=\"elementor-widget-wrap elementor-element-populated\">\n\t\t\t\t\t\t\t\t<div class=\"elementor-element elementor-element-27d2e02 elementor-widget elementor-widget-spacer\" data-id=\"27d2e02\" data-element_type=\"widget\" data-widget_type=\"spacer.default\">\n\t\t\t\t<div class=\"elementor-widget-container\">\n\t\t\t\t\t<div class=\"elementor-spacer\">\n\t\t\t<div class=\"elementor-spacer-inner\"><\/div>\n\t\t<\/div>\n\t\t\t\t<\/div>\n\t\t\t\t<\/div>\n\t\t\t\t<div class=\"elementor-element elementor-element-f6eea32 elementor-widget elementor-widget-text-editor\" data-id=\"f6eea32\" data-element_type=\"widget\" data-widget_type=\"text-editor.default\">\n\t\t\t\t<div class=\"elementor-widget-container\">\n\t\t\t\t\t\t\t<p>D\u00e9fense des francophones de Bruxelles, avec des politiques inclusives et \u00e9quitables<\/p>\t\t\t\t\t\t<\/div>\n\t\t\t\t<\/div>\n\t\t\t\t<div class=\"elementor-element elementor-element-14ca158 elementor-widget elementor-widget-image\" data-id=\"14ca158\" data-element_type=\"widget\" data-widget_type=\"image.default\">\n\t\t\t\t<div class=\"elementor-widget-container\">\n\t\t\t\t\t\t\t\t\t\t\t\t\t\t\t<img loading=\"lazy\" decoding=\"async\" width=\"1024\" height=\"1024\" src=\"https:\/\/gaetanvangoidsenhoven.be\/wp-content\/uploads\/2024\/02\/cropped-cropped-cropped-cropped-cropped-Design-sans-titre-1024x1024.jpg\" class=\"attachment-large size-large wp-image-2552\" alt=\"\" srcset=\"https:\/\/gaetanvangoidsenhoven.be\/wp-content\/uploads\/2024\/02\/cropped-cropped-cropped-cropped-cropped-Design-sans-titre-1024x1024.jpg 1024w, https:\/\/gaetanvangoidsenhoven.be\/wp-content\/uploads\/2024\/02\/cropped-cropped-cropped-cropped-cropped-Design-sans-titre-300x300.jpg 300w, https:\/\/gaetanvangoidsenhoven.be\/wp-content\/uploads\/2024\/02\/cropped-cropped-cropped-cropped-cropped-Design-sans-titre-150x150.jpg 150w, https:\/\/gaetanvangoidsenhoven.be\/wp-content\/uploads\/2024\/02\/cropped-cropped-cropped-cropped-cropped-Design-sans-titre-768x768.jpg 768w, https:\/\/gaetanvangoidsenhoven.be\/wp-content\/uploads\/2024\/02\/cropped-cropped-cropped-cropped-cropped-Design-sans-titre-100x100.jpg 100w, https:\/\/gaetanvangoidsenhoven.be\/wp-content\/uploads\/2024\/02\/cropped-cropped-cropped-cropped-cropped-Design-sans-titre-350x350.jpg 350w, https:\/\/gaetanvangoidsenhoven.be\/wp-content\/uploads\/2024\/02\/cropped-cropped-cropped-cropped-cropped-Design-sans-titre.jpg 1440w\" sizes=\"auto, (max-width: 1024px) 100vw, 1024px\" \/>\t\t\t\t\t\t\t\t\t\t\t\t\t\t\t<\/div>\n\t\t\t\t<\/div>\n\t\t\t\t<div class=\"elementor-element elementor-element-34ac21f elementor-align-center elementor-widget elementor-widget-button\" data-id=\"34ac21f\" data-element_type=\"widget\" data-widget_type=\"button.default\">\n\t\t\t\t<div class=\"elementor-widget-container\">\n\t\t\t\t\t<div class=\"elementor-button-wrapper\">\n\t\t\t<a class=\"elementor-button elementor-button-link elementor-size-sm elementor-animation-shrink\" href=\"#\">\n\t\t\t\t\t\t<span class=\"elementor-button-content-wrapper\">\n\t\t\t\t\t\t<span class=\"elementor-button-text\">D\u00e9couvrez ici !<\/span>\n\t\t<\/span>\n\t\t\t\t\t<\/a>\n\t\t<\/div>\n\t\t\t\t<\/div>\n\t\t\t\t<\/div>\n\t\t\t\t\t<\/div>\n\t\t<\/div>\n\t\t\t\t<div class=\"elementor-column elementor-col-33 elementor-top-column elementor-element elementor-element-3ce5286\" data-id=\"3ce5286\" data-element_type=\"column\">\n\t\t\t<div class=\"elementor-widget-wrap elementor-element-populated\">\n\t\t\t\t\t\t\t\t<div class=\"elementor-element elementor-element-a7dbc67 elementor-widget elementor-widget-spacer\" data-id=\"a7dbc67\" data-element_type=\"widget\" data-widget_type=\"spacer.default\">\n\t\t\t\t<div class=\"elementor-widget-container\">\n\t\t\t\t\t<div class=\"elementor-spacer\">\n\t\t\t<div class=\"elementor-spacer-inner\"><\/div>\n\t\t<\/div>\n\t\t\t\t<\/div>\n\t\t\t\t<\/div>\n\t\t\t\t<div class=\"elementor-element elementor-element-c31f0cf elementor-widget elementor-widget-text-editor\" data-id=\"c31f0cf\" data-element_type=\"widget\" data-widget_type=\"text-editor.default\">\n\t\t\t\t<div class=\"elementor-widget-container\">\n\t\t\t\t\t\t\t<p>Assure le respect des priorit\u00e9s du MR dans les d\u00e9bats sur la gouvernance locale et communautaire<\/p>\t\t\t\t\t\t<\/div>\n\t\t\t\t<\/div>\n\t\t\t\t<div class=\"elementor-element elementor-element-c070968 elementor-widget elementor-widget-image\" data-id=\"c070968\" data-element_type=\"widget\" data-widget_type=\"image.default\">\n\t\t\t\t<div class=\"elementor-widget-container\">\n\t\t\t\t\t\t\t\t\t\t\t\t\t\t\t<img loading=\"lazy\" decoding=\"async\" width=\"1024\" height=\"1024\" src=\"https:\/\/gaetanvangoidsenhoven.be\/wp-content\/uploads\/2024\/02\/cropped-cropped-cropped-cropped-cropped-Design-sans-titre-1024x1024.jpg\" class=\"attachment-large size-large wp-image-2552\" alt=\"\" srcset=\"https:\/\/gaetanvangoidsenhoven.be\/wp-content\/uploads\/2024\/02\/cropped-cropped-cropped-cropped-cropped-Design-sans-titre-1024x1024.jpg 1024w, https:\/\/gaetanvangoidsenhoven.be\/wp-content\/uploads\/2024\/02\/cropped-cropped-cropped-cropped-cropped-Design-sans-titre-300x300.jpg 300w, https:\/\/gaetanvangoidsenhoven.be\/wp-content\/uploads\/2024\/02\/cropped-cropped-cropped-cropped-cropped-Design-sans-titre-150x150.jpg 150w, https:\/\/gaetanvangoidsenhoven.be\/wp-content\/uploads\/2024\/02\/cropped-cropped-cropped-cropped-cropped-Design-sans-titre-768x768.jpg 768w, https:\/\/gaetanvangoidsenhoven.be\/wp-content\/uploads\/2024\/02\/cropped-cropped-cropped-cropped-cropped-Design-sans-titre-100x100.jpg 100w, https:\/\/gaetanvangoidsenhoven.be\/wp-content\/uploads\/2024\/02\/cropped-cropped-cropped-cropped-cropped-Design-sans-titre-350x350.jpg 350w, https:\/\/gaetanvangoidsenhoven.be\/wp-content\/uploads\/2024\/02\/cropped-cropped-cropped-cropped-cropped-Design-sans-titre.jpg 1440w\" sizes=\"auto, (max-width: 1024px) 100vw, 1024px\" \/>\t\t\t\t\t\t\t\t\t\t\t\t\t\t\t<\/div>\n\t\t\t\t<\/div>\n\t\t\t\t<div class=\"elementor-element elementor-element-0df8e26 elementor-align-center elementor-widget elementor-widget-button\" data-id=\"0df8e26\" data-element_type=\"widget\" data-widget_type=\"button.default\">\n\t\t\t\t<div class=\"elementor-widget-container\">\n\t\t\t\t\t<div class=\"elementor-button-wrapper\">\n\t\t\t<a class=\"elementor-button elementor-button-link elementor-size-sm elementor-animation-shrink\" href=\"#\">\n\t\t\t\t\t\t<span class=\"elementor-button-content-wrapper\">\n\t\t\t\t\t\t<span class=\"elementor-button-text\">D\u00e9couvrez ici !<\/span>\n\t\t<\/span>\n\t\t\t\t\t<\/a>\n\t\t<\/div>\n\t\t\t\t<\/div>\n\t\t\t\t<\/div>\n\t\t\t\t\t<\/div>\n\t\t<\/div>\n\t\t\t\t\t\t\t<\/div>\n\t\t<\/section>\n\t\t\t\t<section class=\"elementor-section elementor-top-section elementor-element elementor-element-c9ed9cb elementor-section-boxed elementor-section-height-default elementor-section-height-default wpr-particle-no wpr-jarallax-no wpr-parallax-no wpr-sticky-section-no\" data-id=\"c9ed9cb\" data-element_type=\"section\">\n\t\t\t\t\t\t<div class=\"elementor-container elementor-column-gap-default\">\n\t\t\t\t\t<div class=\"elementor-column elementor-col-100 elementor-top-column elementor-element elementor-element-3453139\" data-id=\"3453139\" data-element_type=\"column\">\n\t\t\t<div class=\"elementor-widget-wrap elementor-element-populated\">\n\t\t\t\t\t\t\t\t<div class=\"elementor-element elementor-element-df69a87 elementor-widget elementor-widget-spacer\" data-id=\"df69a87\" data-element_type=\"widget\" data-widget_type=\"spacer.default\">\n\t\t\t\t<div class=\"elementor-widget-container\">\n\t\t\t\t\t<div class=\"elementor-spacer\">\n\t\t\t<div class=\"elementor-spacer-inner\"><\/div>\n\t\t<\/div>\n\t\t\t\t<\/div>\n\t\t\t\t<\/div>\n\t\t\t\t<div class=\"elementor-element elementor-element-3b2c320 elementor-widget-divider--view-line elementor-widget elementor-widget-divider\" data-id=\"3b2c320\" data-element_type=\"widget\" data-widget_type=\"divider.default\">\n\t\t\t\t<div class=\"elementor-widget-container\">\n\t\t\t\t\t<div class=\"elementor-divider\">\n\t\t\t<span class=\"elementor-divider-separator\">\n\t\t\t\t\t\t<\/span>\n\t\t<\/div>\n\t\t\t\t<\/div>\n\t\t\t\t<\/div>\n\t\t\t\t<div class=\"elementor-element elementor-element-c2b5893 elementor-widget elementor-widget-text-editor\" data-id=\"c2b5893\" data-element_type=\"widget\" data-widget_type=\"text-editor.default\">\n\t\t\t\t<div class=\"elementor-widget-container\">\n\t\t\t\t\t\t\t<p><em>Rejoignez-moi sur les r\u00e9seaux sociaux pour suivre mon actualit\u00e9, mes engagements et \u00e9changer ensemble !<\/em><\/p>\t\t\t\t\t\t<\/div>\n\t\t\t\t<\/div>\n\t\t\t\t<div class=\"elementor-element elementor-element-12a8485 elementor-shape-circle elementor-grid-0 e-grid-align-center elementor-widget elementor-widget-social-icons\" data-id=\"12a8485\" data-element_type=\"widget\" data-widget_type=\"social-icons.default\">\n\t\t\t\t<div class=\"elementor-widget-container\">\n\t\t\t\t\t<div class=\"elementor-social-icons-wrapper elementor-grid\">\n\t\t\t\t\t\t\t<span class=\"elementor-grid-item\">\n\t\t\t\t\t<a class=\"elementor-icon elementor-social-icon elementor-social-icon-facebook elementor-animation-shrink elementor-repeater-item-d8bf240\" href=\"https:\/\/www.facebook.com\/marketplace\/?ref=app_tab&#038;locale=fr_FR\" target=\"_blank\">\n\t\t\t\t\t\t<span class=\"elementor-screen-only\">Facebook<\/span>\n\t\t\t\t\t\t<i class=\"fab fa-facebook\"><\/i>\t\t\t\t\t<\/a>\n\t\t\t\t<\/span>\n\t\t\t\t\t\t\t<span class=\"elementor-grid-item\">\n\t\t\t\t\t<a class=\"elementor-icon elementor-social-icon elementor-social-icon-twitter elementor-animation-shrink elementor-repeater-item-ed6caa8\" href=\"https:\/\/x.com\/gaetanvangoids?s=21&#038;t=vwX-y5Rj_rqxijyaq2Geag\" target=\"_blank\">\n\t\t\t\t\t\t<span class=\"elementor-screen-only\">Twitter<\/span>\n\t\t\t\t\t\t<i class=\"fab fa-twitter\"><\/i>\t\t\t\t\t<\/a>\n\t\t\t\t<\/span>\n\t\t\t\t\t\t\t<span class=\"elementor-grid-item\">\n\t\t\t\t\t<a class=\"elementor-icon elementor-social-icon elementor-social-icon-instagram elementor-animation-shrink elementor-repeater-item-5b3abbc\" href=\"https:\/\/www.instagram.com\/gaetan_van_goidsenhoven_\/\" target=\"_blank\">\n\t\t\t\t\t\t<span class=\"elementor-screen-only\">Instagram<\/span>\n\t\t\t\t\t\t<i class=\"fab fa-instagram\"><\/i>\t\t\t\t\t<\/a>\n\t\t\t\t<\/span>\n\t\t\t\t\t\t\t<span class=\"elementor-grid-item\">\n\t\t\t\t\t<a class=\"elementor-icon elementor-social-icon elementor-social-icon-linkedin elementor-animation-shrink elementor-repeater-item-7d377d2\" href=\"https:\/\/www.linkedin.com\/in\/ga\u00ebtan-van-goidsenhoven-a534461aa\/?originalSubdomain=be\" target=\"_blank\">\n\t\t\t\t\t\t<span class=\"elementor-screen-only\">Linkedin<\/span>\n\t\t\t\t\t\t<i class=\"fab fa-linkedin\"><\/i>\t\t\t\t\t<\/a>\n\t\t\t\t<\/span>\n\t\t\t\t\t<\/div>\n\t\t\t\t<\/div>\n\t\t\t\t<\/div>\n\t\t\t\t\t<\/div>\n\t\t<\/div>\n\t\t\t\t\t\t\t<\/div>\n\t\t<\/section>\n\t\t\t\t<section class=\"elementor-section elementor-top-section elementor-element elementor-element-e4c43ba elementor-section-boxed elementor-section-height-default elementor-section-height-default wpr-particle-no wpr-jarallax-no wpr-parallax-no wpr-sticky-section-no\" data-id=\"e4c43ba\" data-element_type=\"section\">\n\t\t\t\t\t\t<div class=\"elementor-container elementor-column-gap-default\">\n\t\t\t\t\t<div class=\"elementor-column elementor-col-100 elementor-top-column elementor-element elementor-element-5ad9427\" data-id=\"5ad9427\" data-element_type=\"column\">\n\t\t\t<div class=\"elementor-widget-wrap elementor-element-populated\">\n\t\t\t\t\t\t\t\t<div class=\"elementor-element elementor-element-27901d2 elementor-widget elementor-widget-spacer\" data-id=\"27901d2\" data-element_type=\"widget\" data-widget_type=\"spacer.default\">\n\t\t\t\t<div class=\"elementor-widget-container\">\n\t\t\t\t\t<div class=\"elementor-spacer\">\n\t\t\t<div class=\"elementor-spacer-inner\"><\/div>\n\t\t<\/div>\n\t\t\t\t<\/div>\n\t\t\t\t<\/div>\n\t\t\t\t<div class=\"elementor-element elementor-element-494f1a9 elementor-widget elementor-widget-spacer\" data-id=\"494f1a9\" data-element_type=\"widget\" data-widget_type=\"spacer.default\">\n\t\t\t\t<div class=\"elementor-widget-container\">\n\t\t\t\t\t<div class=\"elementor-spacer\">\n\t\t\t<div class=\"elementor-spacer-inner\"><\/div>\n\t\t<\/div>\n\t\t\t\t<\/div>\n\t\t\t\t<\/div>\n\t\t\t\t\t<\/div>\n\t\t<\/div>\n\t\t\t\t\t\t\t<\/div>\n\t\t<\/section>\n\t\t\t\t\t\t\t<\/div>\n\t\t","protected":false},"excerpt":{"rendered":"<p>Mon travail au parlement COCOF En tant que chef de groupe du Mouvement [&hellip;]<\/p>\n","protected":false},"author":2,"featured_media":0,"parent":0,"menu_order":0,"comment_status":"closed","ping_status":"closed","template":"","meta":{"ngg_post_thumbnail":0,"footnotes":""},"class_list":["post-2641","page","type-page","status-publish","hentry"],"aioseo_notices":[],"_links":{"self":[{"href":"https:\/\/gaetanvangoidsenhoven.be\/index.php\/wp-json\/wp\/v2\/pages\/2641","targetHints":{"allow":["GET"]}}],"collection":[{"href":"https:\/\/gaetanvangoidsenhoven.be\/index.php\/wp-json\/wp\/v2\/pages"}],"about":[{"href":"https:\/\/gaetanvangoidsenhoven.be\/index.php\/wp-json\/wp\/v2\/types\/page"}],"author":[{"embeddable":true,"href":"https:\/\/gaetanvangoidsenhoven.be\/index.php\/wp-json\/wp\/v2\/users\/2"}],"replies":[{"embeddable":true,"href":"https:\/\/gaetanvangoidsenhoven.be\/index.php\/wp-json\/wp\/v2\/comments?post=2641"}],"version-history":[{"count":49,"href":"https:\/\/gaetanvangoidsenhoven.be\/index.php\/wp-json\/wp\/v2\/pages\/2641\/revisions"}],"predecessor-version":[{"id":3290,"href":"https:\/\/gaetanvangoidsenhoven.be\/index.php\/wp-json\/wp\/v2\/pages\/2641\/revisions\/3290"}],"wp:attachment":[{"href":"https:\/\/gaetanvangoidsenhoven.be\/index.php\/wp-json\/wp\/v2\/media?parent=2641"}],"curies":[{"name":"wp","href":"https:\/\/api.w.org\/{rel}","templated":true}]}}